{"id":387,"date":"2021-10-30T00:22:29","date_gmt":"2021-10-30T00:22:29","guid":{"rendered":"https:\/\/hospedajeromy.com.easywebecuador.com\/?page_id=387"},"modified":"2024-05-17T17:25:10","modified_gmt":"2024-05-17T17:25:10","slug":"lugares-de-interes","status":"publish","type":"page","link":"https:\/\/hospedajeromy.com\/en\/lugares-de-interes\/","title":{"rendered":"Places of interest"},"content":{"rendered":"<div data-elementor-type=\"wp-page\" data-elementor-id=\"387\" class=\"elementor elementor-387\">\n\t\t\t\t\t\t<section class=\"elementor-section elementor-top-section elementor-element elementor-element-18b4beb5 elementor-section-full_width elementor-section-height-min-height elementor-section-height-default elementor-section-items-middle\" data-id=\"18b4beb5\" data-element_type=\"section\" data-settings=\"{&quot;background_background&quot;:&quot;slideshow&quot;,&quot;background_slideshow_gallery&quot;:[{&quot;id&quot;:39,&quot;url&quot;:&quot;https:\\\/\\\/hospedajeromy.com\\\/wp-content\\\/uploads\\\/2021\\\/10\\\/En-taxi-circuito_El-Junco-Maximo-Ancho-2400-Maxima-Altura-1800.jpg&quot;},{&quot;id&quot;:38,&quot;url&quot;:&quot;https:\\\/\\\/hospedajeromy.com\\\/wp-content\\\/uploads\\\/2021\\\/10\\\/A-pie_circuito-Maximo-Ancho-2400-Maxima-Altura-1800.jpg&quot;},{&quot;id&quot;:37,&quot;url&quot;:&quot;https:\\\/\\\/hospedajeromy.com\\\/wp-content\\\/uploads\\\/2021\\\/10\\\/Playa-los-marinos-Maximo-Ancho-2400-Maxima-Altura-1800.jpg&quot;},{&quot;id&quot;:36,&quot;url&quot;:&quot;https:\\\/\\\/hospedajeromy.com\\\/wp-content\\\/uploads\\\/2021\\\/10\\\/Playa-Carola-Maximo-Ancho-2400-Maxima-Altura-1800.jpg&quot;}],&quot;background_slideshow_slide_duration&quot;:3000,&quot;background_slideshow_loop&quot;:&quot;yes&quot;,&quot;background_slideshow_slide_transition&quot;:&quot;fade&quot;,&quot;background_slideshow_transition_duration&quot;:500}\">\n\t\t\t\t\t\t\t<div class=\"elementor-background-overlay\"><\/div>\n\t\t\t\t\t\t\t<div class=\"elementor-container elementor-column-gap-no\">\n\t\t\t\t\t<div class=\"elementor-column elementor-col-100 elementor-top-column elementor-element elementor-element-1eeca22\" data-id=\"1eeca22\" data-element_type=\"column\">\n\t\t\t<div class=\"elementor-widget-wrap\">\n\t\t\t\t\t\t\t<\/div>\n\t\t<\/div>\n\t\t\t\t\t<\/div>\n\t\t<\/section>\n\t\t\t\t<section class=\"elementor-section elementor-top-section elementor-element elementor-element-1ed83c07 elementor-section-boxed elementor-section-height-default elementor-section-height-default\" data-id=\"1ed83c07\" data-element_type=\"section\" data-settings=\"{&quot;background_background&quot;:&quot;classic&quot;}\">\n\t\t\t\t\t\t\t<div class=\"elementor-background-overlay\"><\/div>\n\t\t\t\t\t\t\t<div class=\"elementor-container elementor-column-gap-default\">\n\t\t\t\t\t<div class=\"elementor-column elementor-col-100 elementor-top-column elementor-element elementor-element-63eeb8d8\" data-id=\"63eeb8d8\" data-element_type=\"column\">\n\t\t\t<div class=\"elementor-widget-wrap elementor-element-populated\">\n\t\t\t\t\t\t<div class=\"elementor-element elementor-element-44a56a11 elementor-widget elementor-widget-spacer\" data-id=\"44a56a11\" data-element_type=\"widget\" data-widget_type=\"spacer.default\">\n\t\t\t\t\t\t\t<div class=\"elementor-spacer\">\n\t\t\t<div class=\"elementor-spacer-inner\"><\/div>\n\t\t<\/div>\n\t\t\t\t\t\t<\/div>\n\t\t\t\t\t<\/div>\n\t\t<\/div>\n\t\t\t\t\t<\/div>\n\t\t<\/section>\n\t\t\t\t<section class=\"elementor-section elementor-top-section elementor-element elementor-element-1753b643 elementor-section-boxed elementor-section-height-default elementor-section-height-default\" data-id=\"1753b643\" data-element_type=\"section\" data-settings=\"{&quot;background_background&quot;:&quot;classic&quot;}\">\n\t\t\t\t\t\t<div class=\"elementor-container elementor-column-gap-default\">\n\t\t\t\t\t<div class=\"elementor-column elementor-col-100 elementor-top-column elementor-element elementor-element-5531062a\" data-id=\"5531062a\" data-element_type=\"column\">\n\t\t\t<div class=\"elementor-widget-wrap elementor-element-populated\">\n\t\t\t\t\t\t<section class=\"elementor-section elementor-inner-section elementor-element elementor-element-1a38747 elementor-section-boxed elementor-section-height-default elementor-section-height-default\" data-id=\"1a38747\" data-element_type=\"section\" data-settings=\"{&quot;background_background&quot;:&quot;classic&quot;}\">\n\t\t\t\t\t\t<div class=\"elementor-container elementor-column-gap-wider\">\n\t\t\t\t\t<div class=\"elementor-column elementor-col-33 elementor-inner-column elementor-element elementor-element-53a8e8a2\" data-id=\"53a8e8a2\" data-element_type=\"column\">\n\t\t\t<div class=\"elementor-widget-wrap elementor-element-populated\">\n\t\t\t\t\t\t<div class=\"elementor-element elementor-element-373b2dd1 elementor-widget elementor-widget-heading\" data-id=\"373b2dd1\" data-element_type=\"widget\" data-widget_type=\"heading.default\">\n\t\t\t\t\t<h3 class=\"elementor-heading-title elementor-size-default\">Activity on foot<\/h3>\t\t\t\t<\/div>\n\t\t\t\t<div class=\"elementor-element elementor-element-4987d498 elementor-widget elementor-widget-text-editor\" data-id=\"4987d498\" data-element_type=\"widget\" data-widget_type=\"text-editor.default\">\n\t\t\t\t\t\t\t\t\t<p><b>Interpretation Center, Tijeretas and Playa Carola (Ideal circuit for a whole day)<\/b><\/p>\t\t\t\t\t\t\t\t<\/div>\n\t\t\t\t<div class=\"elementor-element elementor-element-2002122c elementor-align-left elementor-widget__width-auto elementor-widget elementor-widget-button\" data-id=\"2002122c\" data-element_type=\"widget\" data-widget_type=\"button.default\">\n\t\t\t\t\t\t\t\t\t\t<a class=\"elementor-button elementor-button-link elementor-size-sm elementor-animation-float\" href=\"#pie\">\n\t\t\t\t\t\t<span class=\"elementor-button-content-wrapper\">\n\t\t\t\t\t\t\t\t\t<span class=\"elementor-button-text\">SHOW MORE<\/span>\n\t\t\t\t\t<\/span>\n\t\t\t\t\t<\/a>\n\t\t\t\t\t\t\t\t<\/div>\n\t\t\t\t\t<\/div>\n\t\t<\/div>\n\t\t\t\t<div class=\"elementor-column elementor-col-33 elementor-inner-column elementor-element elementor-element-73ec679e\" data-id=\"73ec679e\" data-element_type=\"column\">\n\t\t\t<div class=\"elementor-widget-wrap elementor-element-populated\">\n\t\t\t\t\t\t<div class=\"elementor-element elementor-element-33b3bcec elementor-widget elementor-widget-heading\" data-id=\"33b3bcec\" data-element_type=\"widget\" data-widget_type=\"heading.default\">\n\t\t\t\t\t<h3 class=\"elementor-heading-title elementor-size-default\">Activity by Taxi<\/h3>\t\t\t\t<\/div>\n\t\t\t\t<div class=\"elementor-element elementor-element-390d1476 elementor-widget elementor-widget-text-editor\" data-id=\"390d1476\" data-element_type=\"widget\" data-widget_type=\"text-editor.default\">\n\t\t\t\t\t\t\t\t\t<p><span style=\"font-weight: 400;\">Turtle Breeding Center, Laguna el Junco and Puerto Chino Beach<\/span><\/p>\t\t\t\t\t\t\t\t<\/div>\n\t\t\t\t<div class=\"elementor-element elementor-element-5a98b66a elementor-align-left elementor-widget__width-auto elementor-widget elementor-widget-button\" data-id=\"5a98b66a\" data-element_type=\"widget\" data-widget_type=\"button.default\">\n\t\t\t\t\t\t\t\t\t\t<a class=\"elementor-button elementor-button-link elementor-size-sm elementor-animation-float\" href=\"#taxi\">\n\t\t\t\t\t\t<span class=\"elementor-button-content-wrapper\">\n\t\t\t\t\t\t\t\t\t<span class=\"elementor-button-text\">SHOW MORE<\/span>\n\t\t\t\t\t<\/span>\n\t\t\t\t\t<\/a>\n\t\t\t\t\t\t\t\t<\/div>\n\t\t\t\t\t<\/div>\n\t\t<\/div>\n\t\t\t\t<div class=\"elementor-column elementor-col-33 elementor-inner-column elementor-element elementor-element-2648f8\" data-id=\"2648f8\" data-element_type=\"column\">\n\t\t\t<div class=\"elementor-widget-wrap elementor-element-populated\">\n\t\t\t\t\t\t<div class=\"elementor-element elementor-element-2c95e839 elementor-widget elementor-widget-heading\" data-id=\"2c95e839\" data-element_type=\"widget\" data-widget_type=\"heading.default\">\n\t\t\t\t\t<h3 class=\"elementor-heading-title elementor-size-default\">Activity by boat <\/h3>\t\t\t\t<\/div>\n\t\t\t\t<div class=\"elementor-element elementor-element-784c96db elementor-widget elementor-widget-text-editor\" data-id=\"784c96db\" data-element_type=\"widget\" data-widget_type=\"text-editor.default\">\n\t\t\t\t\t\t\t\t\t<p><b>Sleeping lion and beach<\/b><span style=\"font-weight: 400;\">: Sleeping Lion or Kicker Rock is an underwater lava formation.<\/span><\/p>\t\t\t\t\t\t\t\t<\/div>\n\t\t\t\t<div class=\"elementor-element elementor-element-5cccbbd8 elementor-align-left elementor-widget__width-auto elementor-widget elementor-widget-button\" data-id=\"5cccbbd8\" data-element_type=\"widget\" data-widget_type=\"button.default\">\n\t\t\t\t\t\t\t\t\t\t<a class=\"elementor-button elementor-button-link elementor-size-sm elementor-animation-float\" href=\"#lancha\">\n\t\t\t\t\t\t<span class=\"elementor-button-content-wrapper\">\n\t\t\t\t\t\t\t\t\t<span class=\"elementor-button-text\">SHOW MORE<\/span>\n\t\t\t\t\t<\/span>\n\t\t\t\t\t<\/a>\n\t\t\t\t\t\t\t\t<\/div>\n\t\t\t\t\t<\/div>\n\t\t<\/div>\n\t\t\t\t\t<\/div>\n\t\t<\/section>\n\t\t\t\t\t<\/div>\n\t\t<\/div>\n\t\t\t\t\t<\/div>\n\t\t<\/section>\n\t\t\t\t<section class=\"elementor-section elementor-top-section elementor-element elementor-element-20399c23 elementor-section-boxed elementor-section-height-default elementor-section-height-default\" data-id=\"20399c23\" data-element_type=\"section\" data-settings=\"{&quot;background_background&quot;:&quot;classic&quot;}\">\n\t\t\t\t\t\t<div class=\"elementor-container elementor-column-gap-wider\">\n\t\t\t\t\t<div class=\"elementor-column elementor-col-50 elementor-top-column elementor-element elementor-element-4289b458\" data-id=\"4289b458\" data-element_type=\"column\" id=\"pie\">\n\t\t\t<div class=\"elementor-widget-wrap elementor-element-populated\">\n\t\t\t\t\t\t<div class=\"elementor-element elementor-element-1fd3ed36 elementor-widget elementor-widget-heading\" data-id=\"1fd3ed36\" data-element_type=\"widget\" data-widget_type=\"heading.default\">\n\t\t\t\t\t<h2 class=\"elementor-heading-title elementor-size-default\">Activity on foot<\/h2>\t\t\t\t<\/div>\n\t\t\t\t<div class=\"elementor-element elementor-element-df324b1 elementor-widget elementor-widget-text-editor\" data-id=\"df324b1\" data-element_type=\"widget\" data-widget_type=\"text-editor.default\">\n\t\t\t\t\t\t\t\t\t<p><span style=\"font-weight: 400;\">Learn about natural and human history in the <\/span><i><span style=\"font-weight: 400;\">Interpretation Center<\/span><\/i><span style=\"font-weight: 400;\">. At the end of the museum you will find a self-guided path to visit the <\/span><i><span style=\"font-weight: 400;\">Cerro Tijeretas<\/span><\/i><span style=\"font-weight: 400;\">, the first site where Naturalist Scientist Charles Darwin landed in all of the Galapagos. Being ideal for snorkeling where a variety of marine life will be observed and you will enjoy magnificent viewpoints. The trail ends in \"<\/span><i><span style=\"font-weight: 400;\">Playa Carola\u201d<\/span><\/i><span style=\"font-weight: 400;\">, ideal for surfing, where you can see sea lions resting on the sand, iguanas on the rocks and sea turtles near the coast.\u00a0\u00a0<\/span><\/p><p>\u00a0<\/p><p><b>Los Marinos Beach: <\/b><span style=\"font-weight: 400;\">In this area you can see the confluence of 3 interesting species, the blue footed boobies perch on the rocks and catch fish with their peculiar landing in the water, the marine iguanas have a special nesting area and the sea lions rest on the sand after a hard day.\u00a0<\/span><\/p><p>\u00a0<\/p><p><b>La Lober\u00eda Beach <\/b><span style=\"font-weight: 400;\">It is one of the best places for snorkeling, since you can appreciate an infinity of marine life, including green turtles. In addition, it is ideal for surfing and watching marine iguanas resting on the rocks. In this area you can see birds such as the yellow warbler, frigate birds, and various species of finches. <\/span><\/p>\t\t\t\t\t\t\t\t<\/div>\n\t\t\t\t\t<\/div>\n\t\t<\/div>\n\t\t\t\t<div class=\"elementor-column elementor-col-50 elementor-top-column elementor-element elementor-element-524faa62\" data-id=\"524faa62\" data-element_type=\"column\" data-settings=\"{&quot;background_slideshow_gallery&quot;:[{&quot;id&quot;:38,&quot;url&quot;:&quot;https:\\\/\\\/hospedajeromy.com\\\/wp-content\\\/uploads\\\/2021\\\/10\\\/A-pie_circuito-Maximo-Ancho-2400-Maxima-Altura-1800.jpg&quot;}],&quot;background_background&quot;:&quot;slideshow&quot;,&quot;background_slideshow_loop&quot;:&quot;yes&quot;,&quot;background_slideshow_slide_duration&quot;:5000,&quot;background_slideshow_slide_transition&quot;:&quot;fade&quot;,&quot;background_slideshow_transition_duration&quot;:500}\">\n\t\t\t<div class=\"elementor-widget-wrap elementor-element-populated\">\n\t\t\t\t\t\t<div class=\"elementor-element elementor-element-33be355 elementor-widget elementor-widget-spacer\" data-id=\"33be355\" data-element_type=\"widget\" data-widget_type=\"spacer.default\">\n\t\t\t\t\t\t\t<div class=\"elementor-spacer\">\n\t\t\t<div class=\"elementor-spacer-inner\"><\/div>\n\t\t<\/div>\n\t\t\t\t\t\t<\/div>\n\t\t\t\t\t<\/div>\n\t\t<\/div>\n\t\t\t\t\t<\/div>\n\t\t<\/section>\n\t\t\t\t<section class=\"elementor-section elementor-top-section elementor-element elementor-element-e9b3da6 elementor-section-boxed elementor-section-height-default elementor-section-height-default\" data-id=\"e9b3da6\" data-element_type=\"section\" id=\"taxi\" data-settings=\"{&quot;background_background&quot;:&quot;classic&quot;}\">\n\t\t\t\t\t\t<div class=\"elementor-container elementor-column-gap-wider\">\n\t\t\t\t\t<div class=\"elementor-column elementor-col-50 elementor-top-column elementor-element elementor-element-30179b3\" data-id=\"30179b3\" data-element_type=\"column\">\n\t\t\t<div class=\"elementor-widget-wrap elementor-element-populated\">\n\t\t\t\t\t\t<div class=\"elementor-element elementor-element-defd9c0 elementor-widget elementor-widget-heading\" data-id=\"defd9c0\" data-element_type=\"widget\" data-widget_type=\"heading.default\">\n\t\t\t\t\t<h2 class=\"elementor-heading-title elementor-size-default\">Activity by Taxi<\/h2>\t\t\t\t<\/div>\n\t\t\t\t<div class=\"elementor-element elementor-element-2e0dad8 elementor-widget elementor-widget-text-editor\" data-id=\"2e0dad8\" data-element_type=\"widget\" data-widget_type=\"text-editor.default\">\n\t\t\t\t\t\t\t\t\t<p><span style=\"font-weight: 400;\">Turtle Breeding Center, Laguna el Junco and Puerto Chino Beach: Taxi drivers from San Crist\u00f3bal Island do this tour. The visitors must follow the recommendations of the park rangers to generate a less impact on nature. During the tour we visit the Breeding Center where we find the giant tortoises of San Crist\u00f3bal Island (Chelonoidis chathamensis) that live in a semi-natural state. Then, we can visit the \"Laguna El Junco\", located about 700 m above sea level. It is one of the few permanent freshwater sources in the Galapagos.Finally, we rest on the sand and enjoy swimming in Puerto Chino Beach<\/span><\/p>\t\t\t\t\t\t\t\t<\/div>\n\t\t\t\t\t<\/div>\n\t\t<\/div>\n\t\t\t\t<div class=\"elementor-column elementor-col-50 elementor-top-column elementor-element elementor-element-7795af0\" data-id=\"7795af0\" data-element_type=\"column\" data-settings=\"{&quot;background_slideshow_gallery&quot;:[{&quot;id&quot;:39,&quot;url&quot;:&quot;https:\\\/\\\/hospedajeromy.com\\\/wp-content\\\/uploads\\\/2021\\\/10\\\/En-taxi-circuito_El-Junco-Maximo-Ancho-2400-Maxima-Altura-1800.jpg&quot;},{&quot;id&quot;:31,&quot;url&quot;:&quot;https:\\\/\\\/hospedajeromy.com\\\/wp-content\\\/uploads\\\/2021\\\/10\\\/En-taxi-circuito_Playa-Pto.-Chino-Maximo-Ancho-2400-Maxima-Altura-1800.jpg&quot;}],&quot;background_background&quot;:&quot;slideshow&quot;,&quot;background_slideshow_loop&quot;:&quot;yes&quot;,&quot;background_slideshow_slide_duration&quot;:5000,&quot;background_slideshow_slide_transition&quot;:&quot;fade&quot;,&quot;background_slideshow_transition_duration&quot;:500}\">\n\t\t\t<div class=\"elementor-widget-wrap elementor-element-populated\">\n\t\t\t\t\t\t<div class=\"elementor-element elementor-element-daf7b70 elementor-widget elementor-widget-spacer\" data-id=\"daf7b70\" data-element_type=\"widget\" data-widget_type=\"spacer.default\">\n\t\t\t\t\t\t\t<div class=\"elementor-spacer\">\n\t\t\t<div class=\"elementor-spacer-inner\"><\/div>\n\t\t<\/div>\n\t\t\t\t\t\t<\/div>\n\t\t\t\t\t<\/div>\n\t\t<\/div>\n\t\t\t\t\t<\/div>\n\t\t<\/section>\n\t\t\t\t<section class=\"elementor-section elementor-top-section elementor-element elementor-element-0038a27 elementor-section-boxed elementor-section-height-default elementor-section-height-default\" data-id=\"0038a27\" data-element_type=\"section\" id=\"lancha\" data-settings=\"{&quot;background_background&quot;:&quot;classic&quot;}\">\n\t\t\t\t\t\t<div class=\"elementor-container elementor-column-gap-wider\">\n\t\t\t\t\t<div class=\"elementor-column elementor-col-50 elementor-top-column elementor-element elementor-element-70d8b23\" data-id=\"70d8b23\" data-element_type=\"column\">\n\t\t\t<div class=\"elementor-widget-wrap elementor-element-populated\">\n\t\t\t\t\t\t<div class=\"elementor-element elementor-element-e586e32 elementor-widget elementor-widget-heading\" data-id=\"e586e32\" data-element_type=\"widget\" data-widget_type=\"heading.default\">\n\t\t\t\t\t<h2 class=\"elementor-heading-title elementor-size-default\">Activity by boat <\/h2>\t\t\t\t<\/div>\n\t\t\t\t<div class=\"elementor-element elementor-element-fa2a80d elementor-widget elementor-widget-text-editor\" data-id=\"fa2a80d\" data-element_type=\"widget\" data-widget_type=\"text-editor.default\">\n\t\t\t\t\t\t\t\t\t<p><b>Sleeping lion and beach<\/b><span style=\"font-weight: 400;\">Le\u00f3n Dormido or Kicker Rock is an underwater lava formation. Around this formation you have the opportunity to snorkel with hammerhead sharks and a variety of marine life. On the surface you can see seabirds such as Nazca and blue-footed boobies. Finally, you will visit a beach to snorkel and relax on the sand (Manglecito or Puerto Grande).<\/span><\/p><p>\u00a0<\/p><p><b>Espa\u00f1ola Island:<\/b><span style=\"font-weight: 400;\"> Ideal for observing Albatross, Gal\u00e1pagos Hawks, Blue-footed Boobies, Nazca Boobies, iguanas, lizards and mockingbirds, unique to Espa\u00f1ola Island. Includes snorkeling activities and walks to observe wildlife.\u00a0<\/span><\/p><p>\u00a0<\/p><p><b>Tour 360\u00ba:<\/b><span style=\"font-weight: 400;\"> It is a boat tour and consists of going around San Crist\u00f3bal Island, visiting 5 spectacular sites: Le\u00f3n Dormido, Cerro Brujo, Sardina bay, Punta Pitt and Rosa Blanca bay. Places where you can enjoy the scenic beauty and meet a variety of marine life.\u00a0<\/span><\/p>\t\t\t\t\t\t\t\t<\/div>\n\t\t\t\t\t<\/div>\n\t\t<\/div>\n\t\t\t\t<div class=\"elementor-column elementor-col-50 elementor-top-column elementor-element elementor-element-a1f42b7\" data-id=\"a1f42b7\" data-element_type=\"column\" data-settings=\"{&quot;background_slideshow_gallery&quot;:[{&quot;id&quot;:33,&quot;url&quot;:&quot;https:\\\/\\\/hospedajeromy.com\\\/wp-content\\\/uploads\\\/2021\\\/10\\\/lancha_tours-Maximo-Ancho-2400-Maxima-Altura-1800.jpg&quot;}],&quot;background_background&quot;:&quot;slideshow&quot;,&quot;background_slideshow_loop&quot;:&quot;yes&quot;,&quot;background_slideshow_slide_duration&quot;:5000,&quot;background_slideshow_slide_transition&quot;:&quot;fade&quot;,&quot;background_slideshow_transition_duration&quot;:500}\">\n\t\t\t<div class=\"elementor-widget-wrap elementor-element-populated\">\n\t\t\t\t\t\t<div class=\"elementor-element elementor-element-6dd0466 elementor-widget elementor-widget-spacer\" data-id=\"6dd0466\" data-element_type=\"widget\" data-widget_type=\"spacer.default\">\n\t\t\t\t\t\t\t<div class=\"elementor-spacer\">\n\t\t\t<div class=\"elementor-spacer-inner\"><\/div>\n\t\t<\/div>\n\t\t\t\t\t\t<\/div>\n\t\t\t\t\t<\/div>\n\t\t<\/div>\n\t\t\t\t\t<\/div>\n\t\t<\/section>\n\t\t\t\t<section class=\"elementor-section elementor-top-section elementor-element elementor-element-47aa85a9 elementor-section-boxed elementor-section-height-default elementor-section-height-default\" data-id=\"47aa85a9\" data-element_type=\"section\" data-settings=\"{&quot;background_background&quot;:&quot;classic&quot;}\">\n\t\t\t\t\t\t\t<div class=\"elementor-background-overlay\"><\/div>\n\t\t\t\t\t\t\t<div class=\"elementor-container elementor-column-gap-default\">\n\t\t\t\t\t<div class=\"elementor-column elementor-col-100 elementor-top-column elementor-element elementor-element-50bb80ca\" data-id=\"50bb80ca\" data-element_type=\"column\">\n\t\t\t<div class=\"elementor-widget-wrap elementor-element-populated\">\n\t\t\t\t\t\t<div class=\"elementor-element elementor-element-5f5c61c7 elementor-invisible elementor-widget elementor-widget-heading\" data-id=\"5f5c61c7\" data-element_type=\"widget\" data-settings=\"{&quot;_animation&quot;:&quot;fadeIn&quot;,&quot;_animation_delay&quot;:100}\" data-widget_type=\"heading.default\">\n\t\t\t\t\t<h2 class=\"elementor-heading-title elementor-size-default\">Get the best deals by booking directly on our website<\/h2>\t\t\t\t<\/div>\n\t\t\t\t<section class=\"elementor-section elementor-inner-section elementor-element elementor-element-5bbac5e0 elementor-section-boxed elementor-section-height-default elementor-section-height-default elementor-invisible\" data-id=\"5bbac5e0\" data-element_type=\"section\" data-settings=\"{&quot;animation&quot;:&quot;fadeIn&quot;,&quot;animation_delay&quot;:400}\">\n\t\t\t\t\t\t<div class=\"elementor-container elementor-column-gap-narrow\">\n\t\t\t\t\t<div class=\"elementor-column elementor-col-50 elementor-inner-column elementor-element elementor-element-39a5c7b6\" data-id=\"39a5c7b6\" data-element_type=\"column\">\n\t\t\t<div class=\"elementor-widget-wrap elementor-element-populated\">\n\t\t\t\t\t\t<div class=\"elementor-element elementor-element-31b8358e elementor-align-right elementor-mobile-align-justify elementor-widget elementor-widget-button\" data-id=\"31b8358e\" data-element_type=\"widget\" data-widget_type=\"button.default\">\n\t\t\t\t\t\t\t\t\t\t<a class=\"elementor-button elementor-button-link elementor-size-md\" href=\"\/en\/habitaciones\/\">\n\t\t\t\t\t\t<span class=\"elementor-button-content-wrapper\">\n\t\t\t\t\t\t\t\t\t<span class=\"elementor-button-text\">VIEW ROOMS<\/span>\n\t\t\t\t\t<\/span>\n\t\t\t\t\t<\/a>\n\t\t\t\t\t\t\t\t<\/div>\n\t\t\t\t\t<\/div>\n\t\t<\/div>\n\t\t\t\t<div class=\"elementor-column elementor-col-50 elementor-inner-column elementor-element elementor-element-547ca27e\" data-id=\"547ca27e\" data-element_type=\"column\">\n\t\t\t<div class=\"elementor-widget-wrap elementor-element-populated\">\n\t\t\t\t\t\t<div class=\"elementor-element elementor-element-224840dc elementor-align-left elementor-mobile-align-center elementor-widget elementor-widget-button\" data-id=\"224840dc\" data-element_type=\"widget\" data-widget_type=\"button.default\">\n\t\t\t\t\t\t\t\t\t\t<a class=\"elementor-button elementor-button-link elementor-size-md\" href=\"https:\/\/hospedajeromy.com\/en\/habitacionesreserva\/\">\n\t\t\t\t\t\t<span class=\"elementor-button-content-wrapper\">\n\t\t\t\t\t\t\t\t\t<span class=\"elementor-button-text\">BOOK NOW<\/span>\n\t\t\t\t\t<\/span>\n\t\t\t\t\t<\/a>\n\t\t\t\t\t\t\t\t<\/div>\n\t\t\t\t\t<\/div>\n\t\t<\/div>\n\t\t\t\t\t<\/div>\n\t\t<\/section>\n\t\t\t\t\t<\/div>\n\t\t<\/div>\n\t\t\t\t\t<\/div>\n\t\t<\/section>\n\t\t\t\t<\/div>","protected":false},"excerpt":{"rendered":"<p>Actividad a pie: Centro de interpretaci\u00f3n, Tijeretas y Playa Carola (Circuito ideal para todo un d\u00eda) saber m\u00e1s Actividad en Taxi: Centro de Crianza de tortugas, Laguna el Junco y Playa Puerto Chino saber m\u00e1s Actividad en lancha: Le\u00f3n Dormido y playa: Le\u00f3n Dormido o Kicker Rock es una formaci\u00f3n submarina de lava. saber m\u00e1s&hellip; <a class=\"more-link\" href=\"https:\/\/hospedajeromy.com\/en\/lugares-de-interes\/\">Continue reading <span class=\"screen-reader-text\">Places of interest<\/span><\/a><\/p>","protected":false},"author":1,"featured_media":0,"parent":0,"menu_order":0,"comment_status":"closed","ping_status":"closed","template":"elementor_canvas","meta":{"footnotes":""},"class_list":["post-387","page","type-page","status-publish","hentry","entry"],"_links":{"self":[{"href":"https:\/\/hospedajeromy.com\/en\/wp-json\/wp\/v2\/pages\/387","targetHints":{"allow":["GET"]}}],"collection":[{"href":"https:\/\/hospedajeromy.com\/en\/wp-json\/wp\/v2\/pages"}],"about":[{"href":"https:\/\/hospedajeromy.com\/en\/wp-json\/wp\/v2\/types\/page"}],"author":[{"embeddable":true,"href":"https:\/\/hospedajeromy.com\/en\/wp-json\/wp\/v2\/users\/1"}],"replies":[{"embeddable":true,"href":"https:\/\/hospedajeromy.com\/en\/wp-json\/wp\/v2\/comments?post=387"}],"version-history":[{"count":22,"href":"https:\/\/hospedajeromy.com\/en\/wp-json\/wp\/v2\/pages\/387\/revisions"}],"predecessor-version":[{"id":730,"href":"https:\/\/hospedajeromy.com\/en\/wp-json\/wp\/v2\/pages\/387\/revisions\/730"}],"wp:attachment":[{"href":"https:\/\/hospedajeromy.com\/en\/wp-json\/wp\/v2\/media?parent=387"}],"curies":[{"name":"wp","href":"https:\/\/api.w.org\/{rel}","templated":true}]}}